{"id":18,"date":"2024-06-10T16:53:06","date_gmt":"2024-06-10T14:53:06","guid":{"rendered":"https:\/\/f.kth.se\/fadderiet\/?page_id=18"},"modified":"2025-07-11T13:24:25","modified_gmt":"2025-07-11T11:24:25","slug":"nollegrupperna","status":"publish","type":"page","link":"https:\/\/f.kth.se\/fadderiet\/nollegrupperna\/","title":{"rendered":"n\u00d8llegrupperna"},"content":{"rendered":"\n<p>Under mottagningen kommer du att bli tilldelad en n\u00d8llegrupp som du kommer h\u00e4nga extra mycket med! H\u00e4r presenteras alla \u00e5tta n\u00d8llegrupper.<\/p>\n\n\n\n<hr class=\"wp-block-separator alignwide has-alpha-channel-opacity\"\/>\n\n\n\n<div class=\"wp-block-group alignwide has-base-2-background-color has-background has-global-padding is-layout-constrained wp-container-core-group-is-layout-39412042 wp-block-group-is-layout-constrained\" style=\"border-radius:16px;padding-top:var(--wp--preset--spacing--40);padding-right:var(--wp--preset--spacing--50);padding-bottom:var(--wp--preset--spacing--40);padding-left:var(--wp--preset--spacing--50)\">\n<h2 class=\"wp-block-heading has-text-align-center has-x-large-font-size\">BL\u00d8CKIS<\/h2>\n\n\n\n<div class=\"wp-block-group is-nowrap is-layout-flex wp-container-core-group-is-layout-6c531013 wp-block-group-is-layout-flex\">\n<figure class=\"wp-block-image size-full is-resized\"><img loading=\"lazy\" decoding=\"async\" width=\"2411\" height=\"949\" src=\"https:\/\/f.kth.se\/fadderiet\/wp-content\/uploads\/2025\/07\/blockis.png\" alt=\"\" class=\"wp-image-264\" style=\"width:254px;height:auto\" srcset=\"https:\/\/f.kth.se\/fadderiet\/wp-content\/uploads\/2025\/07\/blockis.png 2411w, https:\/\/f.kth.se\/fadderiet\/wp-content\/uploads\/2025\/07\/blockis-300x118.png 300w, https:\/\/f.kth.se\/fadderiet\/wp-content\/uploads\/2025\/07\/blockis-768x302.png 768w, https:\/\/f.kth.se\/fadderiet\/wp-content\/uploads\/2025\/07\/blockis-1536x605.png 1536w, https:\/\/f.kth.se\/fadderiet\/wp-content\/uploads\/2025\/07\/blockis-2048x806.png 2048w\" sizes=\"auto, (max-width: 2411px) 100vw, 2411px\" \/><\/figure>\n\n\n\n<figure class=\"wp-block-image size-full is-resized is-style-rounded is-style-rounded--1\"><img decoding=\"async\" src=\"https:\/\/f.kth.se\/fadderiet\/wp-content\/uploads\/2025\/07\/grupp-blockis.jpg\" alt=\"\" class=\"wp-image-287\" style=\"width:352px;height:auto\"\/><\/figure>\n<\/div>\n\n\n\n<p class=\"has-text-align-left has-pixelify-sans-font-family\">Tycker du om r\u00e4ta vinklar? V\u00e4rms ditt hj\u00e4rta n\u00e4r alla bitar faller perfekt p\u00e5 plats? Saknar du n\u00e4r h\u00f6jden av lycka var att \u00f6ppna en sprillans ny legobyggsats? Oavsett om det g\u00e4ller dirt blocks, skrivblock, blockfl\u00f6jter eller att blocka stalkers p\u00e5 sociala medier s\u00e5 tycker vi i BL\u00d8CKIS att blockigare \u00e4r b\u00e4ttre. H\u00e4ng med oss under mottagningen och \u00e5teruppt\u00e4ck hur roligt man kan ha det med klossar!<\/p>\n<\/div>\n\n\n\n<div class=\"wp-block-group alignwide has-base-2-background-color has-background has-global-padding is-layout-constrained wp-container-core-group-is-layout-39412042 wp-block-group-is-layout-constrained\" style=\"border-radius:16px;padding-top:var(--wp--preset--spacing--40);padding-right:var(--wp--preset--spacing--50);padding-bottom:var(--wp--preset--spacing--40);padding-left:var(--wp--preset--spacing--50)\">\n<h2 class=\"wp-block-heading has-text-align-center has-x-large-font-size\">C\u00d8\u00d8la Kidzen<\/h2>\n\n\n\n<div class=\"wp-block-group is-nowrap is-layout-flex wp-container-core-group-is-layout-6c531013 wp-block-group-is-layout-flex\">\n<figure class=\"wp-block-image size-full is-resized\"><img decoding=\"async\" src=\"https:\/\/f.kth.se\/fadderiet\/wp-content\/uploads\/2025\/07\/coolakidzen.png\" alt=\"\" class=\"wp-image-271\" style=\"width:289px;height:auto\"\/><\/figure>\n\n\n\n<figure class=\"wp-block-image size-full is-resized is-style-rounded is-style-rounded--2\"><img loading=\"lazy\" decoding=\"async\" width=\"2560\" height=\"2190\" src=\"https:\/\/f.kth.se\/fadderiet\/wp-content\/uploads\/2025\/07\/grupp-coolakidzen-scaled.jpg\" alt=\"\" class=\"wp-image-277\" style=\"width:296px;height:auto\" srcset=\"https:\/\/f.kth.se\/fadderiet\/wp-content\/uploads\/2025\/07\/grupp-coolakidzen-scaled.jpg 2560w, https:\/\/f.kth.se\/fadderiet\/wp-content\/uploads\/2025\/07\/grupp-coolakidzen-300x257.jpg 300w, https:\/\/f.kth.se\/fadderiet\/wp-content\/uploads\/2025\/07\/grupp-coolakidzen-768x657.jpg 768w, https:\/\/f.kth.se\/fadderiet\/wp-content\/uploads\/2025\/07\/grupp-coolakidzen-1536x1314.jpg 1536w, https:\/\/f.kth.se\/fadderiet\/wp-content\/uploads\/2025\/07\/grupp-coolakidzen-2048x1752.jpg 2048w\" sizes=\"auto, (max-width: 2560px) 100vw, 2560px\" \/><\/figure>\n<\/div>\n\n\n\n<p class=\"has-text-align-left has-comic-neue-font-family\">*Stor explosion*,&nbsp; *Gitarriff*,&nbsp; *Slow-motion*, Tycker du att kepsen ser b\u00e4ttre ut bakofram? \u00c4r du m\u00e4stare p\u00e5 att misslyckas med swag? Kan du g\u00f6ra en kickflip p\u00e5 skateboard? (Inte vi heller, fast det hade varit fr\u00e4nt). Hos C\u00d8\u00d8la Kidzen handlar det om att ha sjukt med vibe, bra gemenskap och se allm\u00e4nt h\u00e4ftig ut. \u00c4r du redo f\u00f6r en galet cool mottagning? F\u00e4ll d\u00e5 ner solbrillorna, v\u00e4nd kepsen r\u00e4tt (bakofram allts\u00e5) och h\u00e4ng med oss i C\u00d8\u00d8la Kidzen!<\/p>\n<\/div>\n\n\n\n<div class=\"wp-block-group alignwide has-base-2-background-color has-background has-global-padding is-layout-constrained wp-container-core-group-is-layout-39412042 wp-block-group-is-layout-constrained\" style=\"border-radius:16px;padding-top:var(--wp--preset--spacing--40);padding-right:var(--wp--preset--spacing--50);padding-bottom:var(--wp--preset--spacing--40);padding-left:var(--wp--preset--spacing--50)\">\n<h2 class=\"wp-block-heading has-text-align-center has-x-large-font-size\">DSVG 21.0<\/h2>\n\n\n\n<div class=\"wp-block-group is-nowrap is-layout-flex wp-container-core-group-is-layout-6c531013 wp-block-group-is-layout-flex\">\n<figure class=\"wp-block-image size-full is-resized\"><img loading=\"lazy\" decoding=\"async\" width=\"1058\" height=\"1113\" src=\"https:\/\/f.kth.se\/fadderiet\/wp-content\/uploads\/2025\/07\/dsvg-1-edited.png\" alt=\"\" class=\"wp-image-285\" style=\"width:254px;height:auto\" srcset=\"https:\/\/f.kth.se\/fadderiet\/wp-content\/uploads\/2025\/07\/dsvg-1-edited.png 1058w, https:\/\/f.kth.se\/fadderiet\/wp-content\/uploads\/2025\/07\/dsvg-1-edited-285x300.png 285w, https:\/\/f.kth.se\/fadderiet\/wp-content\/uploads\/2025\/07\/dsvg-1-edited-768x808.png 768w\" sizes=\"auto, (max-width: 1058px) 100vw, 1058px\" \/><\/figure>\n\n\n\n<figure class=\"wp-block-image size-full is-resized is-style-rounded is-style-rounded--3\"><img loading=\"lazy\" decoding=\"async\" width=\"2560\" height=\"1441\" src=\"https:\/\/f.kth.se\/fadderiet\/wp-content\/uploads\/2025\/07\/grupp-dsvg21-scaled.jpg\" alt=\"\" class=\"wp-image-295\" style=\"width:330px;height:auto\" srcset=\"https:\/\/f.kth.se\/fadderiet\/wp-content\/uploads\/2025\/07\/grupp-dsvg21-scaled.jpg 2560w, https:\/\/f.kth.se\/fadderiet\/wp-content\/uploads\/2025\/07\/grupp-dsvg21-300x169.jpg 300w, https:\/\/f.kth.se\/fadderiet\/wp-content\/uploads\/2025\/07\/grupp-dsvg21-768x432.jpg 768w, https:\/\/f.kth.se\/fadderiet\/wp-content\/uploads\/2025\/07\/grupp-dsvg21-1536x865.jpg 1536w, https:\/\/f.kth.se\/fadderiet\/wp-content\/uploads\/2025\/07\/grupp-dsvg21-2048x1153.jpg 2048w\" sizes=\"auto, (max-width: 2560px) 100vw, 2560px\" \/><\/figure>\n<\/div>\n\n\n\n<p class=\"has-text-align-left\">Tycker du, som laseruttern, om O\u2019boy, kanske att ha skoj, eller att undvika stim och stoj? Gillar du att chilla galet, anv\u00e4nda minir\u00e4knare f\u00f6r mattetalet och avst\u00e5 fr\u00e5n att stressa, i alla fall det h\u00e4r kvartalet? D\u00e5 l\u00e5ter det som att du, precis som laseruttern, tycker att DET SKA VA G\u00d6TT! \ud83d\udc9a<a href=\"https:\/\/emojipedia.org\/otter\"><strong>\ud83e\udda6<\/strong><\/a><\/p>\n<\/div>\n\n\n\n<div class=\"wp-block-group alignwide has-base-2-background-color has-background has-global-padding is-layout-constrained wp-container-core-group-is-layout-39412042 wp-block-group-is-layout-constrained\" style=\"border-radius:16px;padding-top:var(--wp--preset--spacing--40);padding-right:var(--wp--preset--spacing--50);padding-bottom:var(--wp--preset--spacing--40);padding-left:var(--wp--preset--spacing--50)\">\n<h2 class=\"wp-block-heading has-text-align-center has-x-large-font-size\">Kerber\u00d8s<\/h2>\n\n\n\n<figure class=\"wp-block-gallery has-nested-images columns-default is-cropped wp-block-gallery-5 is-layout-flex wp-block-gallery-is-layout-flex\">\n<figure class=\"wp-block-image size-full\"><img loading=\"lazy\" decoding=\"async\" width=\"2040\" height=\"1530\" data-id=\"284\" src=\"https:\/\/f.kth.se\/fadderiet\/wp-content\/uploads\/2025\/07\/kerberos-edited.png\" alt=\"\" class=\"wp-image-284\" srcset=\"https:\/\/f.kth.se\/fadderiet\/wp-content\/uploads\/2025\/07\/kerberos-edited.png 2040w, https:\/\/f.kth.se\/fadderiet\/wp-content\/uploads\/2025\/07\/kerberos-edited-300x225.png 300w, https:\/\/f.kth.se\/fadderiet\/wp-content\/uploads\/2025\/07\/kerberos-edited-768x576.png 768w, https:\/\/f.kth.se\/fadderiet\/wp-content\/uploads\/2025\/07\/kerberos-edited-1536x1152.png 1536w\" sizes=\"auto, (max-width: 2040px) 100vw, 2040px\" \/><\/figure>\n\n\n\n<figure class=\"wp-block-image size-full is-style-rounded is-style-rounded--4\"><img loading=\"lazy\" decoding=\"async\" width=\"2560\" height=\"1920\" data-id=\"279\" src=\"https:\/\/f.kth.se\/fadderiet\/wp-content\/uploads\/2025\/07\/grupp-kerberos-scaled.jpg\" alt=\"\" class=\"wp-image-279\" srcset=\"https:\/\/f.kth.se\/fadderiet\/wp-content\/uploads\/2025\/07\/grupp-kerberos-scaled.jpg 2560w, https:\/\/f.kth.se\/fadderiet\/wp-content\/uploads\/2025\/07\/grupp-kerberos-300x225.jpg 300w\" sizes=\"auto, (max-width: 2560px) 100vw, 2560px\" \/><\/figure>\n<\/figure>\n\n\n\n<p class=\"has-text-align-left\">Dr\u00f6mmer du dig bort bland myter och legender? Till en svunnen tid d\u00e5 Filosofin frodades och Aten var v\u00e4rldens centrum? Hade (eller har) du ocks\u00e5 en \u201cbesatt av Percy Jackson\u201d-fas?<\/p>\n\n\n\n<p>Tycker du dessutom att det b\u00e4sta med fysik \u00e4r alla roliga bokst\u00e4ver man f\u00e5r anv\u00e4nda?<\/p>\n\n\n\n<p>Sikta mot Olympen, och h\u00e4ng med oss i Kerber\u00d8s f\u00f6r en gudomlig mottagning!<\/p>\n\n\n\n<p class=\"has-text-align-left\">Ett stord\u00e5d om dagen \u00e4r bra f\u00f6r en nyantagen!<\/p>\n<\/div>\n\n\n\n<div class=\"wp-block-group alignwide has-base-2-background-color has-background has-global-padding is-layout-constrained wp-container-core-group-is-layout-39412042 wp-block-group-is-layout-constrained\" style=\"border-radius:16px;padding-top:var(--wp--preset--spacing--40);padding-right:var(--wp--preset--spacing--50);padding-bottom:var(--wp--preset--spacing--40);padding-left:var(--wp--preset--spacing--50)\">\n<h2 class=\"wp-block-heading has-text-align-center has-x-large-font-size\">K\u00d8nt\u00d8ret<\/h2>\n\n\n\n<div class=\"wp-block-group is-nowrap is-layout-flex wp-container-core-group-is-layout-6c531013 wp-block-group-is-layout-flex\">\n<figure class=\"wp-block-image size-full is-resized\"><img loading=\"lazy\" decoding=\"async\" width=\"1920\" height=\"1280\" src=\"https:\/\/f.kth.se\/fadderiet\/wp-content\/uploads\/2025\/07\/kontoret-1.png\" alt=\"\" class=\"wp-image-274\" style=\"width:311px;height:auto\" srcset=\"https:\/\/f.kth.se\/fadderiet\/wp-content\/uploads\/2025\/07\/kontoret-1.png 1920w, https:\/\/f.kth.se\/fadderiet\/wp-content\/uploads\/2025\/07\/kontoret-1-300x200.png 300w, https:\/\/f.kth.se\/fadderiet\/wp-content\/uploads\/2025\/07\/kontoret-1-768x512.png 768w, https:\/\/f.kth.se\/fadderiet\/wp-content\/uploads\/2025\/07\/kontoret-1-1536x1024.png 1536w\" sizes=\"auto, (max-width: 1920px) 100vw, 1920px\" \/><\/figure>\n\n\n\n<figure class=\"wp-block-image size-full is-resized is-style-rounded is-style-rounded--6\"><img loading=\"lazy\" decoding=\"async\" width=\"1920\" height=\"2560\" src=\"https:\/\/f.kth.se\/fadderiet\/wp-content\/uploads\/2025\/07\/grupp-kontoret-scaled.jpg\" alt=\"\" class=\"wp-image-275\" style=\"width:276px;height:auto\" srcset=\"https:\/\/f.kth.se\/fadderiet\/wp-content\/uploads\/2025\/07\/grupp-kontoret-scaled.jpg 1920w, https:\/\/f.kth.se\/fadderiet\/wp-content\/uploads\/2025\/07\/grupp-kontoret-225x300.jpg 225w\" sizes=\"auto, (max-width: 1920px) 100vw, 1920px\" \/><\/figure>\n<\/div>\n\n\n\n<p>\u00c4r du den som inte kan va seri\u00f6s i ser\u00f6sa sammanhang? Gillar du att bjuda p\u00e5 dig sj\u00e4lv och skratta? \u00c4r du en person med *&#8221;<em>det l\u00f6ser sig<\/em>&#8221;* inst\u00e4llning. \u00c4r du lallig, men p\u00e5 n\u00e5got s\u00e4tt lyckats glida genom livet och r\u00e5kat hamna h\u00e4r? D\u00e5 kommer du att trivas. Sp\u00e4nn fast s\u00e4kerhetsb\u00e4ltet bc vi kommer att ge dig en start p\u00e5 KTH som du absolut inte hade f\u00f6rv\u00e4ntat dig; och de exakt s\u00e5 vi vill ha de. V\u00e4lkommen till Dunder Mifflin!<\/p>\n<\/div>\n\n\n\n<div class=\"wp-block-group alignwide has-base-2-background-color has-background has-global-padding is-layout-constrained wp-container-core-group-is-layout-39412042 wp-block-group-is-layout-constrained\" style=\"border-radius:16px;padding-top:var(--wp--preset--spacing--40);padding-right:var(--wp--preset--spacing--50);padding-bottom:var(--wp--preset--spacing--40);padding-left:var(--wp--preset--spacing--50)\">\n<h2 class=\"wp-block-heading has-text-align-center has-x-large-font-size\">n\u00d8lle-Puh<\/h2>\n\n\n\n<div class=\"wp-block-group is-nowrap is-layout-flex wp-container-core-group-is-layout-6c531013 wp-block-group-is-layout-flex\">\n<figure class=\"wp-block-image size-full is-resized\"><img loading=\"lazy\" decoding=\"async\" width=\"1536\" height=\"2048\" src=\"https:\/\/f.kth.se\/fadderiet\/wp-content\/uploads\/2025\/07\/nolle-Puh.png\" alt=\"\" class=\"wp-image-268\" style=\"width:254px;height:auto\" srcset=\"https:\/\/f.kth.se\/fadderiet\/wp-content\/uploads\/2025\/07\/nolle-Puh.png 1536w, https:\/\/f.kth.se\/fadderiet\/wp-content\/uploads\/2025\/07\/nolle-Puh-225x300.png 225w, https:\/\/f.kth.se\/fadderiet\/wp-content\/uploads\/2025\/07\/nolle-Puh-768x1024.png 768w, https:\/\/f.kth.se\/fadderiet\/wp-content\/uploads\/2025\/07\/nolle-Puh-1152x1536.png 1152w\" sizes=\"auto, (max-width: 1536px) 100vw, 1536px\" \/><\/figure>\n\n\n\n<figure class=\"wp-block-image size-full is-resized is-style-rounded is-style-rounded--7\"><img loading=\"lazy\" decoding=\"async\" width=\"1768\" height=\"1280\" src=\"https:\/\/f.kth.se\/fadderiet\/wp-content\/uploads\/2025\/07\/grupp-nollepuh.jpg\" alt=\"\" class=\"wp-image-276\" style=\"width:352px;height:auto\" srcset=\"https:\/\/f.kth.se\/fadderiet\/wp-content\/uploads\/2025\/07\/grupp-nollepuh.jpg 1768w, https:\/\/f.kth.se\/fadderiet\/wp-content\/uploads\/2025\/07\/grupp-nollepuh-300x217.jpg 300w, https:\/\/f.kth.se\/fadderiet\/wp-content\/uploads\/2025\/07\/grupp-nollepuh-768x556.jpg 768w, https:\/\/f.kth.se\/fadderiet\/wp-content\/uploads\/2025\/07\/grupp-nollepuh-1536x1112.jpg 1536w\" sizes=\"auto, (max-width: 1768px) 100vw, 1768px\" \/><\/figure>\n<\/div>\n\n\n\n<p class=\"has-text-align-left\">T\u00e4nk-t\u00e4nk-t\u00e4nk att f\u00e5 b\u00f6rja dagen med en stor klick h\u00e5ning och lite morgongympa: vi r\u00f6r oss hit, dit, upp och ner\u2026 D\u00e5 kan det bara g\u00e5 upp\u00e5t sen &#8211; f\u00f6r man kan ju aldrig vara nere med en ballong! \ud83c\udf88 F\u00e5nga dagen med oss, b\u00e4ttre \u00e4n hur Christoffer Robin f\u00e5ngar heffaklumpar. Hur f\u00e5ngar man d\u00e5 dagen? Jo &#8211; man h\u00e4nger tillsammans och \u00e4ter n\u00e5t s\u00f6tt som choklad! \ud83c\udf6b<\/p>\n\n\n\n<p><em>\u201cJag har en stor och glad aptit, stor och glad \u00e4r ocks\u00e5 jag!\u201d<\/em> \u2013 Allas v\u00e5r favoritbj\u00f6rn<\/p>\n\n\n\n<p class=\"has-text-align-left\">Bj\u00f6rnkramar fr\u00e5n n\u00d8lle-Puh! \u2764\ufe0f<\/p>\n<\/div>\n\n\n\n<div class=\"wp-block-group alignwide has-base-2-background-color has-background has-global-padding is-layout-constrained wp-container-core-group-is-layout-39412042 wp-block-group-is-layout-constrained\" style=\"border-radius:16px;padding-top:var(--wp--preset--spacing--40);padding-right:var(--wp--preset--spacing--50);padding-bottom:var(--wp--preset--spacing--40);padding-left:var(--wp--preset--spacing--50)\">\n<h2 class=\"wp-block-heading has-text-align-center has-x-large-font-size\">Rymdpiraterna<\/h2>\n\n\n\n<div class=\"wp-block-group is-nowrap is-layout-flex wp-container-core-group-is-layout-6c531013 wp-block-group-is-layout-flex\">\n<figure class=\"wp-block-image size-full is-resized\"><img loading=\"lazy\" decoding=\"async\" width=\"764\" height=\"684\" src=\"https:\/\/f.kth.se\/fadderiet\/wp-content\/uploads\/2025\/07\/rymdpirat.png\" alt=\"\" class=\"wp-image-269\" style=\"width:284px;height:auto\" srcset=\"https:\/\/f.kth.se\/fadderiet\/wp-content\/uploads\/2025\/07\/rymdpirat.png 764w, https:\/\/f.kth.se\/fadderiet\/wp-content\/uploads\/2025\/07\/rymdpirat-300x269.png 300w\" sizes=\"auto, (max-width: 764px) 100vw, 764px\" \/><\/figure>\n\n\n\n<figure class=\"wp-block-image size-full is-resized is-style-rounded is-style-rounded--8\"><img loading=\"lazy\" decoding=\"async\" width=\"2516\" height=\"2516\" src=\"https:\/\/f.kth.se\/fadderiet\/wp-content\/uploads\/2025\/07\/grupp-rymdpiraterna.jpg\" alt=\"\" class=\"wp-image-281\" style=\"width:317px;height:auto\" srcset=\"https:\/\/f.kth.se\/fadderiet\/wp-content\/uploads\/2025\/07\/grupp-rymdpiraterna.jpg 2516w, https:\/\/f.kth.se\/fadderiet\/wp-content\/uploads\/2025\/07\/grupp-rymdpiraterna-300x300.jpg 300w, https:\/\/f.kth.se\/fadderiet\/wp-content\/uploads\/2025\/07\/grupp-rymdpiraterna-150x150.jpg 150w, https:\/\/f.kth.se\/fadderiet\/wp-content\/uploads\/2025\/07\/grupp-rymdpiraterna-768x768.jpg 768w, https:\/\/f.kth.se\/fadderiet\/wp-content\/uploads\/2025\/07\/grupp-rymdpiraterna-1536x1536.jpg 1536w, https:\/\/f.kth.se\/fadderiet\/wp-content\/uploads\/2025\/07\/grupp-rymdpiraterna-2048x2048.jpg 2048w\" sizes=\"auto, (max-width: 2516px) 100vw, 2516px\" \/><\/figure>\n<\/div>\n\n\n\n<p class=\"has-text-align-left\">Vill du ha mer vakuum i ditt liv? Kan ske. Avskyr du vitamin av typ C? Om du \u00e4r tr\u00f6tt p\u00e5 jordens fjuttiga hav, byt d\u00e5 till ett tv\u00e4tt\u00e4kta rymd-nav! Dag \u00d8 seglar kaptenen, cap-tenen, och cope-tenen iv\u00e4g mot rymd-T\u00d8rtuga med eller utan bes\u00e4ttning\u2026 fast med tanke p\u00e5 att ingen av oss ens kan knopa, plundra, eller tillaga flundra beh\u00f6ver vi nog en rymd-matr\u00d8s, eller femton efter noggrannare ber\u00e4kning. S\u00e5 vad v\u00e4ntar du p\u00e5 Rymd-krabba? Bli rymdpirat och b\u00f6rja <s>svabba<\/s> \u00e4ta, mumsfilibabba!<\/p>\n<\/div>\n\n\n\n<div class=\"wp-block-group alignwide has-base-2-background-color has-background has-global-padding is-layout-constrained wp-container-core-group-is-layout-39412042 wp-block-group-is-layout-constrained\" style=\"border-radius:16px;padding-top:var(--wp--preset--spacing--40);padding-right:var(--wp--preset--spacing--50);padding-bottom:var(--wp--preset--spacing--40);padding-left:var(--wp--preset--spacing--50)\">\n<h2 class=\"wp-block-heading has-text-align-center has-x-large-font-size\">S\u00d8lsidan<\/h2>\n\n\n\n<div class=\"wp-block-group is-nowrap is-layout-flex wp-container-core-group-is-layout-6c531013 wp-block-group-is-layout-flex\">\n<figure class=\"wp-block-image size-full is-resized\"><img loading=\"lazy\" decoding=\"async\" width=\"337\" height=\"265\" src=\"https:\/\/f.kth.se\/fadderiet\/wp-content\/uploads\/2025\/07\/solsidan.png\" alt=\"\" class=\"wp-image-270\" style=\"width:300px;height:auto\" srcset=\"https:\/\/f.kth.se\/fadderiet\/wp-content\/uploads\/2025\/07\/solsidan.png 337w, https:\/\/f.kth.se\/fadderiet\/wp-content\/uploads\/2025\/07\/solsidan-300x236.png 300w\" sizes=\"auto, (max-width: 337px) 100vw, 337px\" \/><\/figure>\n\n\n\n<figure class=\"wp-block-image size-full is-resized is-style-rounded is-style-rounded--9\"><img loading=\"lazy\" decoding=\"async\" width=\"2560\" height=\"2382\" src=\"https:\/\/f.kth.se\/fadderiet\/wp-content\/uploads\/2025\/07\/grupp-solsidan-scaled.jpg\" alt=\"\" class=\"wp-image-282\" style=\"width:296px;height:auto\" srcset=\"https:\/\/f.kth.se\/fadderiet\/wp-content\/uploads\/2025\/07\/grupp-solsidan-scaled.jpg 2560w, https:\/\/f.kth.se\/fadderiet\/wp-content\/uploads\/2025\/07\/grupp-solsidan-300x279.jpg 300w\" sizes=\"auto, (max-width: 2560px) 100vw, 2560px\" \/><\/figure>\n<\/div>\n\n\n\n<p class=\"has-text-align-left has-comic-neue-font-family\">Har du kommit till festen och m\u00e4rkt att det fanns s\u00e5 lite salt(is) pinnar s\u00e5 att det ikke blev n\u00e5gon fest? Eller har du varit med om att bubbel(poolen) inte r\u00e4cker till f\u00f6r alla dina kontakter? Vill ni l\u00e4ra er den stora skillnaden mellan kol och gasolgrill, spela tennis eller hur man \u00e5ker segway? Dra d\u00e5 p\u00e5 dina solglajjor och ta med din sk\u00f6naste stekspade s\u00e5 kokar vi ihop de tv\u00e5 b\u00e4sta veckorna N\u00c5GONSIN! KBK!!!!!!<\/p>\n<\/div>\n\n\n\n<p><\/p>\n","protected":false},"excerpt":{"rendered":"<p>Under mottagningen kommer du att bli tilldelad en n\u00d8llegrupp som du kommer h\u00e4nga extra mycket med! H\u00e4r presenteras alla \u00e5tta n\u00d8llegrupper. BL\u00d8CKIS Tycker du om r\u00e4ta vinklar? V\u00e4rms ditt hj\u00e4rta n\u00e4r alla bitar faller perfekt p\u00e5 plats? Saknar du n\u00e4r h\u00f6jden av lycka var att \u00f6ppna en sprillans ny legobyggsats? Oavsett om det g\u00e4ller dirt [&hellip;]<\/p>\n","protected":false},"author":1,"featured_media":0,"parent":0,"menu_order":0,"comment_status":"closed","ping_status":"closed","template":"","meta":{"footnotes":""},"class_list":["post-18","page","type-page","status-publish","hentry"],"_links":{"self":[{"href":"https:\/\/f.kth.se\/fadderiet\/wp-json\/wp\/v2\/pages\/18","targetHints":{"allow":["GET"]}}],"collection":[{"href":"https:\/\/f.kth.se\/fadderiet\/wp-json\/wp\/v2\/pages"}],"about":[{"href":"https:\/\/f.kth.se\/fadderiet\/wp-json\/wp\/v2\/types\/page"}],"author":[{"embeddable":true,"href":"https:\/\/f.kth.se\/fadderiet\/wp-json\/wp\/v2\/users\/1"}],"replies":[{"embeddable":true,"href":"https:\/\/f.kth.se\/fadderiet\/wp-json\/wp\/v2\/comments?post=18"}],"version-history":[{"count":25,"href":"https:\/\/f.kth.se\/fadderiet\/wp-json\/wp\/v2\/pages\/18\/revisions"}],"predecessor-version":[{"id":297,"href":"https:\/\/f.kth.se\/fadderiet\/wp-json\/wp\/v2\/pages\/18\/revisions\/297"}],"wp:attachment":[{"href":"https:\/\/f.kth.se\/fadderiet\/wp-json\/wp\/v2\/media?parent=18"}],"curies":[{"name":"wp","href":"https:\/\/api.w.org\/{rel}","templated":true}]}}