{"id":198,"date":"2024-08-13T08:52:15","date_gmt":"2024-08-13T06:52:15","guid":{"rendered":"https:\/\/f.kth.se\/fadderiet\/?page_id=198"},"modified":"2025-08-17T10:17:21","modified_gmt":"2025-08-17T08:17:21","slug":"sammanfattning-av-infopass","status":"publish","type":"page","link":"https:\/\/f.kth.se\/fadderiet\/sammanfattning-av-infopass\/","title":{"rendered":"Sammanfattning av infopass"},"content":{"rendered":"\n<p><strong>Presentationer fr\u00e5n infopass finns samlade <a href=\"https:\/\/drive.google.com\/drive\/folders\/1AuelIGIINaKUb-VR_AShYvFNdetEY7cg?usp=sharing\">h\u00e4r<\/a>.<\/strong><\/p>\n\n\n\n<h2 class=\"wp-block-heading\">11\/8 Programansvarig f\u00f6r Teknisk Matemtik, Joakim And\u00e9n<\/h2>\n\n\n\n<p>V\u00e4lkommen till Teknisk Matematik! I det h\u00e4r programmet kommer du f\u00e5 m\u00f6jligheten att s\u00e4tta dig in i matematikens v\u00e4rld med nya utmaningar, verktyg och perspektiv. Efter de f\u00f6rsta tre \u00e5ren kommer du att kunna l\u00f6sa komplicerade integraler, ber\u00e4kna l\u00f6sningar till stora ekvationssystem, implementera kraftfulla algoritmer, skriva stora program i Python, Java, Go eller Matlab, l\u00f6sa differentialekvationer, kryptera meddelanden, l\u00f6sa transportproblem, och mycket, mycket mer. Du kommer f\u00e5 till\u00e4mpa dina kunskaper p\u00e5 ett problem som intresserar dig i ett kandidatexamensarbete och sedan kommer du kunna f\u00f6rdjupa dig i det \u00e4mne som intresserar dig mest under mastertiden. Kort sagt, det finns mycket att se fram emot under de n\u00e4rmsta fem \u00e5ren, s\u00e5 se till att ta till vara p\u00e5 dem s\u00e5 mycket som m\u00f6jligt.<\/p>\n\n\n\n<h2 class=\"wp-block-heading\">11\/8 Fysiksektionens ordf\u00f6rande, Filip Ek<\/h2>\n\n\n\n<p>V\u00e4lkomna till KTH, n\u00d8llan! Jag heter Filip och \u00e4r ordf\u00f6rande f\u00f6r Fysiksektionen i \u00e5r. Inledningsvis vill jag \u00f6nska er alla ett stort grattis till er plats p\u00e5 Teknisk Fysik\/Matematik. Jag tror att ni alla kommer klara programmet galant!<\/p>\n\n\n\n<p>Fysiksektionen \u00e4r studentorganisationen knuten till programmen som ni blivit antagna till. Den har funnits i ca 90 \u00e5r, och har sedan dess samlat studenter h\u00e4r p\u00e5 v\u00e5ra program och f\u00f6rgyllt studietiden h\u00e4r p\u00e5 KTH. B\u00e4sta ordet f\u00f6r att beskriva sektionen m\u00e5ste nog vara <strong>gemenskap<\/strong>. H\u00e4r finns det aktiviteter, br\u00e4dspelskv\u00e4llar, pubar, fester, lunchf\u00f6rel\u00e4sningar, spex och massor massor mer!<\/p>\n\n\n\n<p>Det viktigaste som sektionen g\u00f6r \u00e4r mottagningen, som ni fr\u00e5n och med idag och tv\u00e5 veckor fram\u00e5t kommer f\u00e5 ta del av. Jag kan varmt tipsa om att vara med s\u00e5 mycket som ni kan och orkar &#8211; det \u00e4r fantastiskt roligt och en bra chans att l\u00e4ra k\u00e4nna era nya klasskamrater, \u00e4ldre kursare, samt f\u00e5 en f\u00f6rsta inblick i allt som sektionen och studentlivet har att erbjuda. Jag \u00e4r v\u00e4ldigt tacksam att jag sj\u00e4lv valde att ge mottagningen en chans f\u00f6r tre \u00e5r sedan n\u00e4r jag b\u00f6rjade!<\/p>\n\n\n\n<p>Mig kan man alltid fr\u00e5ga om sektionen, eller om man inte vet vem man borde fr\u00e5ga. Jag vill avslutningsvis \u00f6nska er alla en riktigt rolig tid h\u00e4r p\u00e5 KTH. Hoppas ni \u00e4r ordentligt taggade p\u00e5 tv\u00e5 veckors mottagning och fem alltf\u00f6r korta \u00e5r!<\/p>\n\n\n\n<p>V\u00e4nliga h\u00e4lsningar, Filip.<\/p>\n\n\n\n<h2 class=\"wp-block-heading\">11\/8 SSO, Fredrika Lundqvist \u00c5brink<\/h2>\n\n\n\n<p>Jag heter Fredrika Lundqvist \u00c5brink och \u00e4r sektionens SSO &#8211; studerandeskyddsombud. Det inneb\u00e4r att jag ansvarar f\u00f6r den psykosociala och fysiska milj\u00f6n f\u00f6r alla sektionsmedlemmar. Ni \u00e4r alltid v\u00e4lkomna att kontakta mig! Exempel p\u00e5 anledningar inkluderar (men \u00e4r inte begr\u00e4nsade till):<\/p>\n\n\n\n<ul class=\"wp-block-list\">\n<li>Du k\u00e4nner dig obekv\u00e4m \u00f6ver n\u00e5got som h\u00e4nt p\u00e5 sektionen<\/li>\n\n\n\n<li>En annan student eller personal har behandlat dig illa<\/li>\n\n\n\n<li>Du har uppt\u00e4ckt en olycksrisk eller bristande tillg\u00e4nglighet i n\u00e5gon av KTH:s lokaler<\/li>\n<\/ul>\n\n\n\n<p>Som SSO har jag tystnadsplikt, och ni kan \u00e4ven kontakta mig helt anonymt via formul\u00e4ret p\u00e5 sektionens hemsida: <a href=\"https:\/\/f.kth.se\/skyddsombud\" rel=\"noreferrer noopener\" target=\"_blank\">f.kth.se\/skyddsombud<\/a><\/p>\n\n\n\n<p>Ut\u00f6ver formul\u00e4ret fungerar valfri f\u00f6redragen kontaktv\u00e4g (d\u00e5 utan anonymitet), d\u00e4ribland:<\/p>\n\n\n\n<ul class=\"wp-block-list\">\n<li>Mattermost: Fredrika Lundqvist \u00c5brink (SSO)<\/li>\n\n\n\n<li>Telefonnummer: 072 019 94 37<\/li>\n\n\n\n<li>Mejl: <a href=\"mailto:studiesocialt@f.kth.se\" target=\"_blank\" rel=\"noreferrer noopener\">studiesocialt@f.kth.se<\/a><\/li>\n<\/ul>\n\n\n\n<h2 class=\"wp-block-heading\">12\/8 Tobiasregistret<\/h2>\n\n\n\n<p>Tobiasregistret \u00e4r det svenska registret f\u00f6r givare av blodstamceller. Varje dag drabbas n\u00e5gon av en blodsjukdom d\u00e4r sista utv\u00e4gen kan vara en stamcellstransplantation fr\u00e5n en frivillig donator. F\u00f6r att fler ska f\u00e5 chans att \u00f6verleva kr\u00e4vs att fler g\u00e5r med i registret. En som verkligen vet vad det handlar om \u00e4r KTH-studenten Julia, sj\u00e4lv transplanterad och vars stora engagemang gjort att tusentals personer anm\u00e4lt sig till registret.<\/p>\n\n\n\n<p>Tobiasregistret var p\u00e5 plats f\u00f6r att, tillsammans med Julia, ber\u00e4tta om varf\u00f6r det \u00e4r viktigt att fler k\u00e4nner till Tobiasregistret och uppm\u00e4rksamma att alla mellan 16-35 \u00e5r \u00e4r extra intressanta ur donationssynpunkt.<\/p>\n\n\n\n<h2 class=\"wp-block-heading\">14\/8 Sveriges Ingenj\u00f6rer<\/h2>\n\n\n\n<p><strong>V\u00e4rlden klarar sig inte utan dig<\/strong><br>Som ingenj\u00f6rsstudent \u00e4r du med och formar framtiden! P\u00e5 v\u00e5r f\u00f6rel\u00e4sning f\u00e5r du veta hur Sveriges Ingenj\u00f6rer st\u00f6ttar dig genom hela studietiden \u2013 med gratis studiest\u00f6d via Kollin, f\u00f6rs\u00e4kringar, CV-hj\u00e4lp och n\u00e4tverk som \u00f6ppnar d\u00f6rrar till dr\u00f6mjobbet. Uppt\u00e4ck hur du kan bli en del av Sveriges starkaste ingenj\u00f6rsgemenskap redan idag!<\/p>\n\n\n\n<h2 class=\"wp-block-heading\">14\/8 H\u00e4lsa och Balans, Magda Bj\u00f6rk<\/h2>\n\n\n\n<p>Under den h\u00e4r f\u00f6rel\u00e4sningen pratade en \u00e4ldre student om lite tips och tricks f\u00f6r ett balanserat och h\u00e4lsosamt studentliv. Det kan vara sv\u00e5rt att balansera fulltidsstudier med fritid och annat skoj man vill g\u00f6ra och det finns ingen snabb l\u00f6sning som funkar f\u00f6r alla. Du m\u00e5ste sj\u00e4lv komma fram till vad som funkar f\u00f6r dig! Kom bara ih\u00e5g att ha tillr\u00e4ckligt med \u00e5terh\u00e4mtning mellan arbetsdagarna.<\/p>\n\n\n\n<p>De flesta personerna p\u00e5verkas n\u00e5gon g\u00e5ng i livet av psykisk oh\u00e4lsa. Under studietiden \u00e4r det vanligt att till exempel k\u00e4nna stress eller \u00e5ngest och det \u00e4r viktigt att ta hand om sig sj\u00e4lv om detta skulle uppst\u00e5. I ett f\u00f6rsta steg kan det vara bra att prata med n\u00e5gon man litar p\u00e5 eller att ta kontakt med en kurator eller psykolog. F\u00f6r att f\u00f6rebygga psykisk oh\u00e4lsa pekar forskning till exempel p\u00e5 att man ska ha en bra rutin med ordentligt med \u00e5terh\u00e4mtning, s\u00f6mn och bra matvanor.<\/p>\n\n\n\n<p>Hela powerpointen finns att se <a href=\"https:\/\/drive.google.com\/file\/d\/1u2OItSvs1-un_GerwD2blxhHfXnAY25f\/view?usp=drive_link\">h\u00e4r<\/a>.<\/p>\n\n\n\n<h2 class=\"wp-block-heading\">15\/8 Studieteknikf\u00f6rel\u00e4sning, Madeleine Lindstr\u00f6m och Linn Ekman<\/h2>\n\n\n\n<ul class=\"wp-block-list\">\n<li><strong>Skaffa pluggkompisar!<\/strong>\u00a0Det \u00e4r mycket roligare och enklare \u00e4n att plugga sj\u00e4lv.<\/li>\n\n\n\n<li><strong>G\u00f6r alla inl\u00e4mningar och kontrollskrivningar.<\/strong>\u00a0De \u00e4r ofta bra \u00f6vning (=det examinatorn vill att ni ska kunna) och ger bonuspo\u00e4ng till tentan.<\/li>\n\n\n\n<li><strong>Utbildningen \u00e4r sv\u00e5r, men inte om\u00f6jlig.<\/strong>\u00a0Man kan l\u00e4ra sig allt, men det kan ta tid och\u00a0<em>det \u00e4r okej<\/em>. \u00d6vning ger f\u00e4rdighet!<\/li>\n\n\n\n<li><strong>Man beh\u00f6ver inte alltid prestera p\u00e5 topp.<\/strong>\u00a0Det finns omtentor och man beh\u00f6ver inte klara allt p\u00e5 f\u00f6rsta f\u00f6rs\u00f6ket. F\u00e5 arbetsgivare bryr sig dessutom om betyg \u2013 att ni l\u00e4st teknisk matematik eller teknisk fysik betyder mer.<\/li>\n\n\n\n<li><strong>Gl\u00f6m inte att g\u00f6ra annat.<\/strong>\u00a0L\u00e5t hj\u00e4rnan vila och l\u00e5t inte plugget ta upp all er tid.<\/li>\n\n\n\n<li><strong>DET KOMMER G\u00c5 TOPPEN!!!<\/strong>\u00a0Tar ni er in, tar ni er ut &lt;\u200b3<br><br>Hela presentationen finns att se <a href=\"https:\/\/drive.google.com\/file\/d\/1Zy2Js5AcIu0EZDErizkSuTZRqH3oQC7d\/view?usp=drive_link\">h\u00e4r<\/a>.<\/li>\n<\/ul>\n\n\n\n<h2 class=\"wp-block-heading\">15\/8 Vettiquettef\u00f6rel\u00e4sning, William Kraft<\/h2>\n\n\n\n<p>Under vettiquettef\u00f6rel\u00e4sningen f\u00f6rklarades regler och riktlinjer f\u00f6r sektionens tre prim\u00e4ra typer av sittningar. Vi l\u00e4rde oss skillnaderna mellan gasquer (fulsittningar), banquetter (finsittningar) och middagar (mittemellan-sittningar), deras kl\u00e4dkoder (ovve\/o\u00f6mma kl\u00e4der, h\u00f6gtidsdr\u00e4kt respektive finare vardag\/udda kavaj) samt massor med olika traditioner kring s\u00e5ng, gyckel och till och med bordsskick! (Presentationen finns <a href=\"https:\/\/drive.google.com\/file\/d\/1pl7_Hv80-u-qtud-ZdA3jQxwNktgXszc\/view?usp=drive_link\">h\u00e4r<\/a>) och bra resurser finns \u00e4ven i digitala s\u00e5ngboken i <a href=\"https:\/\/f.kth.se\/sangbok\/#\/chapter\/0\/song\/0\" target=\"_blank\" rel=\"noreferrer noopener\">kapitel 1<\/a> och <a href=\"https:\/\/f.kth.se\/sangbok\/#\/chapter\/1\/song\/0\" target=\"_blank\" rel=\"noreferrer noopener\">kapitel 2<\/a>.<\/p>\n\n\n\n<h2 class=\"wp-block-heading\">15\/8 Presentation av SI-ledarna<\/h2>\n\n\n\n<p>I de tv\u00e5 f\u00f6rsta mattekurserna kommer ni ha n\u00e5got som kallas SI-pass. Det \u00e4r en extra lektion i veckan d\u00e4r ni f\u00e5r diskutera det ni har g\u00e5tt igenom p\u00e5 veckans f\u00f6rel\u00e4sningar med era polare. Tid och plats finns i erat schema. Kom dit det blir kul! <\/p>\n","protected":false},"excerpt":{"rendered":"<p>Presentationer fr\u00e5n infopass finns samlade h\u00e4r. 11\/8 Programansvarig f\u00f6r Teknisk Matemtik, Joakim And\u00e9n V\u00e4lkommen till Teknisk Matematik! I det h\u00e4r programmet kommer du f\u00e5 m\u00f6jligheten att s\u00e4tta dig in i matematikens v\u00e4rld med nya utmaningar, verktyg och perspektiv. Efter de f\u00f6rsta tre \u00e5ren kommer du att kunna l\u00f6sa komplicerade integraler, ber\u00e4kna l\u00f6sningar till stora ekvationssystem, [&hellip;]<\/p>\n","protected":false},"author":1,"featured_media":0,"parent":0,"menu_order":0,"comment_status":"closed","ping_status":"closed","template":"","meta":{"footnotes":""},"class_list":["post-198","page","type-page","status-publish","hentry"],"_links":{"self":[{"href":"https:\/\/f.kth.se\/fadderiet\/wp-json\/wp\/v2\/pages\/198","targetHints":{"allow":["GET"]}}],"collection":[{"href":"https:\/\/f.kth.se\/fadderiet\/wp-json\/wp\/v2\/pages"}],"about":[{"href":"https:\/\/f.kth.se\/fadderiet\/wp-json\/wp\/v2\/types\/page"}],"author":[{"embeddable":true,"href":"https:\/\/f.kth.se\/fadderiet\/wp-json\/wp\/v2\/users\/1"}],"replies":[{"embeddable":true,"href":"https:\/\/f.kth.se\/fadderiet\/wp-json\/wp\/v2\/comments?post=198"}],"version-history":[{"count":21,"href":"https:\/\/f.kth.se\/fadderiet\/wp-json\/wp\/v2\/pages\/198\/revisions"}],"predecessor-version":[{"id":376,"href":"https:\/\/f.kth.se\/fadderiet\/wp-json\/wp\/v2\/pages\/198\/revisions\/376"}],"wp:attachment":[{"href":"https:\/\/f.kth.se\/fadderiet\/wp-json\/wp\/v2\/media?parent=198"}],"curies":[{"name":"wp","href":"https:\/\/api.w.org\/{rel}","templated":true}]}}