{"id":41,"date":"2024-06-10T19:50:49","date_gmt":"2024-06-10T17:50:49","guid":{"rendered":"https:\/\/f.kth.se\/fadderiet\/?page_id=41"},"modified":"2025-07-11T02:04:57","modified_gmt":"2025-07-11T00:04:57","slug":"kontakt","status":"publish","type":"page","link":"https:\/\/f.kth.se\/fadderiet\/kontakt\/","title":{"rendered":"Kontakt"},"content":{"rendered":"\n<figure class=\"wp-block-image size-full is-style-rounded is-style-rounded--1\"><img decoding=\"async\" src=\"https:\/\/f.kth.se\/fadderiet\/wp-content\/uploads\/2025\/07\/Fadderiet-hanger-1.jpg\" alt=\"\" class=\"wp-image-235\"\/><\/figure>\n\n\n\n<p>H\u00e4r hittar du den viktigaste kontaktinformationen! Tveka inte att ringa eller mejla om du undrar eller beh\u00f6ver hj\u00e4lp med n\u00e5got.<\/p>\n\n\n\n<hr class=\"wp-block-separator alignwide has-alpha-channel-opacity\"\/>\n\n\n\n<div class=\"wp-block-group alignwide has-base-2-background-color has-background has-global-padding is-layout-constrained wp-container-core-group-is-layout-39412042 wp-block-group-is-layout-constrained\" style=\"border-radius:16px;padding-top:var(--wp--preset--spacing--40);padding-right:var(--wp--preset--spacing--50);padding-bottom:var(--wp--preset--spacing--40);padding-left:var(--wp--preset--spacing--50)\">\n<h2 class=\"wp-block-heading has-text-align-left has-x-large-font-size\"><strong>Fadderiet<\/strong><\/h2>\n\n\n\n<p>Har du fr\u00e5gor som r\u00f6r&nbsp;<strong>Mottagningen<\/strong>? Fadderiet \u00e4r n\u00e4stan alltid p\u00e5 Campus och svarar p\u00e5 alla m\u00f6jliga sorters fr\u00e5gor om mottagningen. Med en&nbsp;<em>linj\u00e4r<\/em>&nbsp;st\u00e4mma kan de svara p\u00e5 det mesta du undrar under mottagningen. Det g\u00e5r \u00e4ven utm\u00e4rkt att mejla Fadderiet med fr\u00e5gor p\u00e5&nbsp;<a href=\"mailto:mottagningen@f.kth.se\">mottagningen@f.kth.se<\/a>. H\u00e4r f\u00f6ljer deras telefonnummer:<\/p>\n\n\n\n<p>Niklas K\u00e4ll: <a href=\"tel:070-814-3711\">070 814 37 11<\/a><\/p>\n\n\n\n<p>Irma Sigurd: <a href=\"tel:070-965-6558\">070 965 65 58<\/a><\/p>\n\n\n\n<p>Alva Berglund: <a href=\"tel:076-559-9878\">076 559 98 78<\/a><\/p>\n\n\n\n<p>Nils Tiemer: <a href=\"tel:072-250-2770\">072 250 27 70<\/a><\/p>\n<\/div>\n\n\n\n<div class=\"wp-block-group alignwide has-base-2-background-color has-background has-global-padding is-layout-constrained wp-container-core-group-is-layout-39412042 wp-block-group-is-layout-constrained\" style=\"border-radius:16px;padding-top:var(--wp--preset--spacing--40);padding-right:var(--wp--preset--spacing--50);padding-bottom:var(--wp--preset--spacing--40);padding-left:var(--wp--preset--spacing--50)\">\n<h2 class=\"wp-block-heading has-text-align-left has-x-large-font-size\"><strong><strong>Sektionen i allm\u00e4nhet<\/strong><\/strong><\/h2>\n\n\n\n<p>Har du fr\u00e5gor som r\u00f6r\u00a0<strong>sektionen eller studentlivet i allm\u00e4nhet<\/strong>? D\u00e5 g\u00e5r det utm\u00e4rkt att kontakta Fysiksektionens ordf\u00f6rande, Filip Ek. Honom kan du kontakta om lite vad som helst. Kan han inte sj\u00e4lv svara s\u00e5 har han s\u00e4kert en bra riktningsvisare i bakfickan.<\/p>\n\n\n\n<p>Du n\u00e5r honom p\u00e5 telefon, <a href=\"tel:073-988-9979\">073 988 99 79<\/a>, eller via mejl p\u00e5\u00a0<a href=\"mailto:ordf@f.kth.se\">ordf@f.kth.se<\/a>.<\/p>\n\n\n\n<p><strong>Allm\u00e4nna fr\u00e5gor och info om allt m\u00f6jligt:&nbsp;<a href=\"mailto:info@f.kth.se\">info@f.kth.se<\/a><\/strong><\/p>\n<\/div>\n","protected":false},"excerpt":{"rendered":"<p>H\u00e4r hittar du den viktigaste kontaktinformationen! Tveka inte att ringa eller mejla om du undrar eller beh\u00f6ver hj\u00e4lp med n\u00e5got. Fadderiet Har du fr\u00e5gor som r\u00f6r&nbsp;Mottagningen? Fadderiet \u00e4r n\u00e4stan alltid p\u00e5 Campus och svarar p\u00e5 alla m\u00f6jliga sorters fr\u00e5gor om mottagningen. Med en&nbsp;linj\u00e4r&nbsp;st\u00e4mma kan de svara p\u00e5 det mesta du undrar under mottagningen. Det g\u00e5r [&hellip;]<\/p>\n","protected":false},"author":1,"featured_media":0,"parent":0,"menu_order":0,"comment_status":"closed","ping_status":"closed","template":"","meta":{"footnotes":""},"class_list":["post-41","page","type-page","status-publish","hentry"],"_links":{"self":[{"href":"https:\/\/f.kth.se\/fadderiet\/wp-json\/wp\/v2\/pages\/41","targetHints":{"allow":["GET"]}}],"collection":[{"href":"https:\/\/f.kth.se\/fadderiet\/wp-json\/wp\/v2\/pages"}],"about":[{"href":"https:\/\/f.kth.se\/fadderiet\/wp-json\/wp\/v2\/types\/page"}],"author":[{"embeddable":true,"href":"https:\/\/f.kth.se\/fadderiet\/wp-json\/wp\/v2\/users\/1"}],"replies":[{"embeddable":true,"href":"https:\/\/f.kth.se\/fadderiet\/wp-json\/wp\/v2\/comments?post=41"}],"version-history":[{"count":10,"href":"https:\/\/f.kth.se\/fadderiet\/wp-json\/wp\/v2\/pages\/41\/revisions"}],"predecessor-version":[{"id":247,"href":"https:\/\/f.kth.se\/fadderiet\/wp-json\/wp\/v2\/pages\/41\/revisions\/247"}],"wp:attachment":[{"href":"https:\/\/f.kth.se\/fadderiet\/wp-json\/wp\/v2\/media?parent=41"}],"curies":[{"name":"wp","href":"https:\/\/api.w.org\/{rel}","templated":true}]}}