{"id":44,"date":"2024-06-10T21:27:28","date_gmt":"2024-06-10T19:27:28","guid":{"rendered":"https:\/\/f.kth.se\/fadderiet\/?page_id=44"},"modified":"2025-07-11T02:04:57","modified_gmt":"2025-07-11T00:04:57","slug":"info-infor-skolstart","status":"publish","type":"page","link":"https:\/\/f.kth.se\/fadderiet\/info-infor-skolstart\/","title":{"rendered":"Info inf\u00f6r skolstart"},"content":{"rendered":"\n<figure class=\"wp-block-image size-full is-style-rounded is-style-rounded--1\"><img loading=\"lazy\" decoding=\"async\" width=\"2560\" height=\"1802\" src=\"https:\/\/f.kth.se\/fadderiet\/wp-content\/uploads\/2025\/07\/Fadderiet-trader-fram-scaled.jpg\" alt=\"\" class=\"wp-image-233\" srcset=\"https:\/\/f.kth.se\/fadderiet\/wp-content\/uploads\/2025\/07\/Fadderiet-trader-fram-scaled.jpg 2560w, https:\/\/f.kth.se\/fadderiet\/wp-content\/uploads\/2025\/07\/Fadderiet-trader-fram-300x211.jpg 300w\" sizes=\"auto, (max-width: 2560px) 100vw, 2560px\" \/><\/figure>\n\n\n\n<p>H\u00e4r har Flashiga fadderiet samlat sina b\u00e4sta tips inf\u00f6r skolstarten!<\/p>\n\n\n\n<hr class=\"wp-block-separator alignwide has-alpha-channel-opacity\"\/>\n\n\n\n<div class=\"wp-block-group alignwide has-base-2-background-color has-background has-global-padding is-layout-constrained wp-container-core-group-is-layout-39412042 wp-block-group-is-layout-constrained\" style=\"border-radius:16px;padding-top:var(--wp--preset--spacing--40);padding-right:var(--wp--preset--spacing--50);padding-bottom:var(--wp--preset--spacing--40);padding-left:var(--wp--preset--spacing--50)\">\n<h2 class=\"wp-block-heading has-text-align-center has-x-large-font-size\">Vad \u00e4r vad?<\/h2>\n\n\n\n<h3 class=\"wp-block-heading has-text-align-left has-x-large-font-size\">Tentor<\/h3>\n\n\n\n<p class=\"has-text-align-left\">De flesta kurser avslutas med en tenta, som \u00e4r obligatorisk. Tentorna \u00e4r ofta fem timmar l\u00e5nga, men ibland \u00e4r de lite kortare. I vissa kurser \u00e4r tentan det enda obligatoriska f\u00f6r att klara kursen.<\/p>\n\n\n\n<h3 class=\"wp-block-heading has-text-align-left has-x-large-font-size\">F\u00f6rel\u00e4sningar<\/h3>\n\n\n\n<p class=\"has-text-align-left\">Ny teori i kurserna g\u00e5s igenom p\u00e5 f\u00f6rel\u00e4sningar. De \u00e4r s\u00e4llan obligatoriska, men de ger en bra chans att se vad som ing\u00e5r i kursen och att st\u00e4lla fr\u00e5gor.<\/p>\n\n\n\n<h3 class=\"wp-block-heading has-text-align-left has-x-large-font-size\">\u00d6vningar<\/h3>\n\n\n\n<p class=\"has-text-align-left\">P\u00e5 \u00f6vningar sitter man i mindre salar som liknar de klassrum som de flesta tillbringade gymnasietiden i. H\u00e4r f\u00e5r man applicera den teori man l\u00e4rt sig under f\u00f6rel\u00e4sningarna p\u00e5 \u00f6vningsuppgifter. \u00d6vningarna leds av en \u00f6vningsassistent (<em>\u00f6vningsasse<\/em>) som brukar r\u00e4kna n\u00e5gra exempeluppgifter p\u00e5 tavlan och finns d\u00e4r f\u00f6r att hj\u00e4lpa och f\u00f6rklara. \u00d6vningarna \u00e4r \u00e4ven de s\u00e4llan obligatoriska, men \u00e4r bra f\u00f6r att \u00f6va p\u00e5 uppgifter som kan likna tentatalen.<\/p>\n\n\n\n<h3 class=\"wp-block-heading has-text-align-left has-x-large-font-size\">Labbar<\/h3>\n\n\n\n<p class=\"has-text-align-left\">I vissa kurser har man labbar. Ibland \u00e4r labbarna mer experimentinriktade med efterf\u00f6ljande labbrapport. Men ibland (speciellt i datakurser) s\u00e5 inneb\u00e4r en labb att man f\u00f6rbereder en kort presentation av en uppgift eller projekt och redovisar f\u00f6r en labbassistent (<em>labbasse<\/em>). Ibland \u00e4r labbarna obligatoriska och ibland ger de extrapo\u00e4ng till tentan.<\/p>\n\n\n\n<h3 class=\"wp-block-heading has-text-align-left has-x-large-font-size\">Kontrollskrivningar &amp; lappskrivningar<\/h3>\n\n\n\n<p class=\"has-text-align-left\">Det \u00e4r vanligt att kurser inneh\u00e5ller kontrollskrivningar eller lappskrivningar. Ibland \u00e4r de ett obligatoriskt moment f\u00f6r att f\u00e5 godk\u00e4nt i kursen. Men de kan \u00e4ven vara frivilliga och ers\u00e4tta en del av tentan eller ge extrapo\u00e4ng till den och \u00e4r d\u00e4r f\u00f6r att uppmuntra kontinuerligt pluggande. K\u00e4nnetecknande f\u00f6r en kontrollskrivning \u00e4r att en m\u00e5ste anm\u00e4la sig i f\u00f6rv\u00e4g, precis som till en tenta, samt att skrivtiden ofta \u00e4r kortare \u00e4n p\u00e5 vanliga tentor. Lappskrivningar f\u00f6ljer ett l\u00f6sare regelverk och utformningen best\u00e4ms helt av examinatorn.<\/p>\n\n\n\n<h3 class=\"wp-block-heading has-text-align-left has-x-large-font-size\">Inl\u00e4mningsuppgifter<\/h3>\n\n\n\n<p class=\"has-text-align-left\">En hel del kurser har inl\u00e4mningsuppgifter, till exempel kurserna Mekanik och Linj\u00e4r Algebra. Inl\u00e4mningsuppgifter kan vara obligatoriska, men vanligast \u00e4r att de \u00e4r frivilliga men ger extrapo\u00e4ng till tentan.<\/p>\n<\/div>\n\n\n\n<div class=\"wp-block-group alignwide has-base-2-background-color has-background has-global-padding is-layout-constrained wp-container-core-group-is-layout-39412042 wp-block-group-is-layout-constrained\" style=\"border-radius:16px;padding-top:var(--wp--preset--spacing--40);padding-right:var(--wp--preset--spacing--50);padding-bottom:var(--wp--preset--spacing--40);padding-left:var(--wp--preset--spacing--50)\">\n<h2 class=\"wp-block-heading has-text-align-center has-x-large-font-size\">Schemat<\/h2>\n\n\n\n<p>L\u00e4ttast \u00e4r att hitta schemat p\u00e5&nbsp;<a href=\"http:\/\/kth.se\/schema\" target=\"_blank\" rel=\"noreferrer noopener\">kth.se\/schema<\/a>. D\u00e4r kan du sedan s\u00f6ka p\u00e5 \u201cctfys\u201d eller &#8221;ctmat&#8221; och v\u00e4lja CTFYS1 resp. CTMAT1 f\u00f6r att visa ert schema. Det g\u00e5r \u00e4ven att synka schemat d\u00e4r till sin egen kalender.<\/p>\n<\/div>\n\n\n\n<div class=\"wp-block-group alignwide has-base-2-background-color has-background has-global-padding is-layout-constrained wp-container-core-group-is-layout-39412042 wp-block-group-is-layout-constrained\" style=\"border-radius:16px;padding-top:var(--wp--preset--spacing--40);padding-right:var(--wp--preset--spacing--50);padding-bottom:var(--wp--preset--spacing--40);padding-left:var(--wp--preset--spacing--50)\">\n<h2 class=\"wp-block-heading has-text-align-center has-x-large-font-size\">Era f\u00f6rsta kurser<\/h2>\n\n\n\n<p>Varje l\u00e4s\u00e5r \u00e4r indelat i fyra perioder. Tv\u00e5 perioder \u00e4r under h\u00f6stterminen och tv\u00e5 perioder \u00e4r under v\u00e5rterminen. Varje period avslutas med en tentaperiod och vanligtvis har man 1-3 st. tentor under en tentaperiod.<\/p>\n\n\n\n<p>Under period 1 l\u00e4ser b\u00e5de ni som b\u00f6rjar Teknisk matematik, CTMAT, och ni som b\u00f6rjar Teknisk fysik, CTFYS, tre kurser. Under mottagningen l\u00e4ser ni en kort introduktionskurs i matematik.<\/p>\n\n\n\n<h3 class=\"wp-block-heading has-text-align-left has-x-large-font-size\">Introduktion i matematik SF0003 (CTFYS, CTMAT)<\/h3>\n\n\n\n<p class=\"has-text-align-left\">En kort kurs i matematik under mottagningen. Kursen syftar delvis till att repetera vissa kunskaper och f\u00e4rdigheter fr\u00e5n gymnasiet men framf\u00f6r allt till att ta upp s\u00e5dant som riskerar att falla mellan stolarna i \u00f6verg\u00e5ngen till KTH. Denna \u00e4r inte obligatorisk och ger<em> <\/em>fup (<em>f\u00f6rutbildningspo\u00e4ng<\/em>) ist\u00e4llet f\u00f6r hp, men \u00e4r \u00e4nd\u00e5 mycket bra att delta i!<\/p>\n\n\n\n<h3 class=\"wp-block-heading has-text-align-left has-x-large-font-size\">Analys i en variabel SF1673 (CTFYS, CTMAT)<\/h3>\n\n\n\n<p class=\"has-text-align-left\">En sorts forts\u00e4ttning p\u00e5 gymnasiematten, men med mer definitioner, satser och bevis. H\u00e4r g\u00e5r ni igenom gr\u00e4nsv\u00e4rden, derivator, integraler, serieutvecklingar och lite differentialekvationer. \u00c4ven om du s\u00e4kert kommer k\u00e4nna igen en hel del s\u00e5 kommer ni att g\u00f6ra saker och ting p\u00e5 ett nytt s\u00e4tt, s\u00e5 till att vara med redan fr\u00e5n start.<\/p>\n\n\n\n<h3 class=\"wp-block-heading has-text-align-left has-x-large-font-size\">Grundl\u00e4ggande programmering DD1331 (CTMAT, CTFYS)<\/h3>\n\n\n\n<p class=\"has-text-align-left\">En introduktionskurs i programmering, i programmeringsspr\u00e5ket python. Kursen b\u00f6rjar med genomg\u00e5ngar av hur man b\u00f6r t\u00e4nka n\u00e4r man programmerar och vanliga saker som f\u00f6rekommer i de flesta programmeringsspr\u00e5ken. Den b\u00f6rjar med uppstartslabbar d\u00e4r man kan bli bekv\u00e4m med spr\u00e5ket.<\/p>\n\n\n\n<h3 class=\"wp-block-heading has-text-align-left has-x-large-font-size\">Termodynamik SI1121 (CTFYS)<\/h3>\n\n\n\n<p class=\"has-text-align-left\">Den f\u00f6rsta fysikkursen p\u00e5 teknisk fysik, som dels handlar om gaslagar, v\u00e4rme\u00f6verf\u00f6ring, v\u00e4rmemaskiner och liknande men \u00e4ven till stor del l\u00e4r er att t\u00e4nka som fysiker, med uppskattningar och rimlighetsanalyser.<\/p>\n\n\n\n<h3 class=\"wp-block-heading has-text-align-left has-x-large-font-size\">Ingenj\u00f6rsf\u00e4rdigheter i teknisk matematik SA1006 (CTMAT)<\/h3>\n\n\n\n<p class=\"has-text-align-left\">Den h\u00e4r kursen ger en inblick i till\u00e4mpningar av matematik, perfekt f\u00f6r n\u00e5gon som ska bli teknisk matematiker! Under kursens g\u00e5ng h\u00e5lls seminarier och projektarbeten, relaterade till kunskap fr\u00e5n andra kurser inom programmet.<\/p>\n<\/div>\n\n\n\n<div class=\"wp-block-group alignwide has-base-2-background-color has-background has-global-padding is-layout-constrained wp-container-core-group-is-layout-39412042 wp-block-group-is-layout-constrained\" style=\"border-radius:16px;padding-top:var(--wp--preset--spacing--40);padding-right:var(--wp--preset--spacing--50);padding-bottom:var(--wp--preset--spacing--40);padding-left:var(--wp--preset--spacing--50)\">\n<h2 class=\"wp-block-heading has-text-align-center has-x-large-font-size\">FUNKA<\/h2>\n\n\n\n<p>Funka \u00e4r en organisation vid KTH som samordnar kompensatoriskt st\u00f6d f\u00f6r studenter med funktionsvariationer s\u00e5 som autism, ADHD, dyslexi, h\u00f6rselneds\u00e4ttning m.m. Kompensatoriska st\u00f6d anpassas efter studentens behov. Exempel p\u00e5 st\u00f6d \u00e4r anteckningsst\u00f6d, f\u00f6rl\u00e4ngd skrivtid vid tentamen och tillg\u00e5ng till vilorum p\u00e5 Campus.<\/p>\n\n\n\n<p>Vill du veta mer eller ans\u00f6ka om st\u00f6d? Bes\u00f6k&nbsp;<a href=\"https:\/\/www.kth.se\/student\/stod\/studier\/funktionsnedsattning\" target=\"_blank\" rel=\"noreferrer noopener\">FUNKA<\/a>.<\/p>\n<\/div>\n\n\n\n<div class=\"wp-block-group alignwide has-base-2-background-color has-background has-global-padding is-layout-constrained wp-container-core-group-is-layout-39412042 wp-block-group-is-layout-constrained\" style=\"border-radius:16px;padding-top:var(--wp--preset--spacing--40);padding-right:var(--wp--preset--spacing--50);padding-bottom:var(--wp--preset--spacing--40);padding-left:var(--wp--preset--spacing--50)\">\n<h2 class=\"wp-block-heading has-text-align-center has-x-large-font-size\">Tips om bostad<\/h2>\n\n\n\n<p class=\"has-text-align-left\">Det kan vara lite klurigt att hitta en bostad i Stockholm men det \u00e4r absolut inte om\u00f6jligt. Det kan vara bra att anv\u00e4nda kontakter f\u00f6r att se om det finns n\u00e5got rum ledigt och nedan f\u00f6ljer lite olika tips p\u00e5 sidor dit du kan v\u00e4nda dig.<\/p>\n\n\n\n<h3 class=\"wp-block-heading has-text-align-left has-x-large-font-size\">SSSB<\/h3>\n\n\n\n<p class=\"has-text-align-left\">Stiftelsen Stockholms Studentbost\u00e4der (SSSB) \u00e4r den st\u00f6rsta bostadsk\u00f6n f\u00f6r studenter. SSSB tillhandah\u00e5ller korridorsrum, pentryn och st\u00f6rre l\u00e4genheter. Du kan st\u00e5 i bostadsk\u00f6n i 90 dagar utan att vara med i studentk\u00e5ren, s\u00e5 st\u00e4ll dig i k\u00f6 p\u00e5 en g\u00e5ng! Efter 90 dagar m\u00e5ste du pausa din k\u00f6tid till dess att du blivit k\u00e5rmedlem, annars f\u00f6rlorar du dina k\u00f6po\u00e4ng.<\/p>\n\n\n\n<h3 class=\"wp-block-heading has-text-align-left has-x-large-font-size\">Facebook<\/h3>\n\n\n\n<p class=\"has-text-align-left\">S\u00f6k runt p\u00e5 Facebook s\u00e5 hittar du grupper som riktar sig till folk som vill hyra ut eller hyra en bostad. Du kan \u00e4ven g\u00f6ra ett inl\u00e4gg p\u00e5 din egen profil om att du s\u00f6ker bostad och d\u00e4r be dina Facebookv\u00e4nner dela det vidare.<\/p>\n\n\n\n<h3 class=\"wp-block-heading has-text-align-left has-x-large-font-size\">Tempus<\/h3>\n\n\n\n<p class=\"has-text-align-left\">En bostadsk\u00f6 f\u00f6r ett studentboende i \u00c5keshov. Bostadsk\u00f6n \u00e4r gratis och \u00f6ppen f\u00f6r alla men du f\u00e5r f\u00f6rtur om du \u00e4r nykterist.<\/p>\n\n\n\n<h3 class=\"wp-block-heading has-text-align-left has-x-large-font-size\">Blocket, Hemnet, etc&#8230;<\/h3>\n\n\n\n<p class=\"has-text-align-left\">H\u00e5ll \u00e4ven utkik p\u00e5 sidor som exempelvis Blocket. De kan uppvisa fantastiskt fina m\u00f6jligheter.<\/p>\n<\/div>\n\n\n\n<div class=\"wp-block-group alignwide has-base-2-background-color has-background has-global-padding is-layout-constrained wp-container-core-group-is-layout-39412042 wp-block-group-is-layout-constrained\" style=\"border-radius:16px;padding-top:var(--wp--preset--spacing--40);padding-right:var(--wp--preset--spacing--50);padding-bottom:var(--wp--preset--spacing--40);padding-left:var(--wp--preset--spacing--50)\">\n<h2 class=\"wp-block-heading has-text-align-center has-x-large-font-size\">Integrations\u03c0rioden<\/h2>\n\n\n\n<p class=\"has-text-align-left\">Precis efter mottagningen drar integrations\u03c0rioden ig\u00e5ng, vilket \u00e4r tv\u00e5 roliga veckor d\u00e4r du har en chans att prova p\u00e5 olika aktiviteter som alla n\u00e4mnder arrangerar! Varje n\u00e4mnd ansvarar f\u00f6r specifika saker p\u00e5 Fysiksektionen. Under denna period kommer du f\u00f6rhoppningsvis f\u00f6rst\u00e5 mer om vad alla n\u00e4mnder g\u00f6r och kanske till och med tycka att n\u00e5gon eller n\u00e5gra n\u00e4mnder verkar lite extra sp\u00e4nnande och vilja engagera dig mer!<\/p>\n<\/div>\n","protected":false},"excerpt":{"rendered":"<p>H\u00e4r har Flashiga fadderiet samlat sina b\u00e4sta tips inf\u00f6r skolstarten! Vad \u00e4r vad? Tentor De flesta kurser avslutas med en tenta, som \u00e4r obligatorisk. Tentorna \u00e4r ofta fem timmar l\u00e5nga, men ibland \u00e4r de lite kortare. I vissa kurser \u00e4r tentan det enda obligatoriska f\u00f6r att klara kursen. F\u00f6rel\u00e4sningar Ny teori i kurserna g\u00e5s igenom [&hellip;]<\/p>\n","protected":false},"author":1,"featured_media":0,"parent":0,"menu_order":0,"comment_status":"closed","ping_status":"closed","template":"","meta":{"footnotes":""},"class_list":["post-44","page","type-page","status-publish","hentry"],"_links":{"self":[{"href":"https:\/\/f.kth.se\/fadderiet\/wp-json\/wp\/v2\/pages\/44","targetHints":{"allow":["GET"]}}],"collection":[{"href":"https:\/\/f.kth.se\/fadderiet\/wp-json\/wp\/v2\/pages"}],"about":[{"href":"https:\/\/f.kth.se\/fadderiet\/wp-json\/wp\/v2\/types\/page"}],"author":[{"embeddable":true,"href":"https:\/\/f.kth.se\/fadderiet\/wp-json\/wp\/v2\/users\/1"}],"replies":[{"embeddable":true,"href":"https:\/\/f.kth.se\/fadderiet\/wp-json\/wp\/v2\/comments?post=44"}],"version-history":[{"count":8,"href":"https:\/\/f.kth.se\/fadderiet\/wp-json\/wp\/v2\/pages\/44\/revisions"}],"predecessor-version":[{"id":249,"href":"https:\/\/f.kth.se\/fadderiet\/wp-json\/wp\/v2\/pages\/44\/revisions\/249"}],"wp:attachment":[{"href":"https:\/\/f.kth.se\/fadderiet\/wp-json\/wp\/v2\/media?parent=44"}],"curies":[{"name":"wp","href":"https:\/\/api.w.org\/{rel}","templated":true}]}}