{"id":51,"date":"2024-06-10T21:41:45","date_gmt":"2024-06-10T19:41:45","guid":{"rendered":"https:\/\/f.kth.se\/fadderiet\/?page_id=51"},"modified":"2025-07-31T12:40:31","modified_gmt":"2025-07-31T10:40:31","slug":"om-fadderiet","status":"publish","type":"page","link":"https:\/\/f.kth.se\/fadderiet\/om-fadderiet\/","title":{"rendered":"Om fadderiet"},"content":{"rendered":"\n<p>I det Flashiga fadderiet hittar vi 5 ohyggligt snygga och (vissa skulle p\u00e5st\u00e5) Flashiga figurer. Men vilka \u00e4r de egentligen? H\u00e4r kommer en chans att l\u00e4ra k\u00e4nna Mottagningens fr\u00e4zigaste figurer liiiite b\u00e4ttre. Ta den!<\/p>\n\n\n\n<hr class=\"wp-block-separator alignwide has-alpha-channel-opacity\"\/>\n\n\n\n<div class=\"wp-block-group alignwide has-base-2-background-color has-background has-global-padding is-layout-constrained wp-container-core-group-is-layout-39412042 wp-block-group-is-layout-constrained\" style=\"border-radius:16px;padding-top:var(--wp--preset--spacing--40);padding-right:var(--wp--preset--spacing--50);padding-bottom:var(--wp--preset--spacing--40);padding-left:var(--wp--preset--spacing--50)\">\n<h2 class=\"wp-block-heading has-text-align-center has-x-large-font-size\">Niklas<\/h2>\n\n\n\n<figure class=\"wp-block-image size-full is-style-rounded is-style-rounded--1\"><img decoding=\"async\" src=\"https:\/\/f.kth.se\/fadderiet\/wp-content\/uploads\/2025\/07\/Profil-Niklas.jpg\" alt=\"\" class=\"wp-image-239\"\/><\/figure>\n\n\n\n<p class=\"has-text-align-left\">Flashiga Niklas \u00e4r Fadderiets egna partikelaccelerator. Full fart fram\u00e5t, konstant laddad och alltid redo att sl\u00e4ppa l\u00f6s en energiniv\u00e5 som f\u00e5r alla andra att darra i grundtillst\u00e5ndet. Du hittar honom ofta i en bastu d\u00e4r han bjuder p\u00e5 tonartskaruseller, hans s\u00e5ng kanske inte alltid tr\u00e4ffar tonerna men den g\u00e5r rakt in i hj\u00e4rtat. Att han \u00e4r s\u00e5 bra p\u00e5 att mj\u00f6lka ut det b\u00e4sta av livet beror s\u00e4kerligen p\u00e5 hans k\u00e4rlek f\u00f6r mj\u00f6lk. Men mj\u00f6lk \u00e4r inte den enda drycken han \u00e4lskar, \u00e4r det n\u00e5gon som har koll p\u00e5 drinkar s\u00e5 \u00e4r det Niklas. Ryktet s\u00e4ger att David Kringlund brukar ringa honom och be om drinktips. S\u00e5 om ni f\u00e5r h\u00f6ra en av hans (m\u00e5nga) utl\u00e4ggningar om \u00e4mnet beh\u00f6ver ni inte vara K\u00e4llkritiska.<\/p>\n\n\n\n<p class=\"has-text-align-left\"><em>Ps. Niklas \u00e4r inte ens s\u00e5 tond\u00f6v men vafan alla \u00e4r v\u00e4l tond\u00f6va 05 i en bastu<\/em>.<\/p>\n<\/div>\n\n\n\n<div class=\"wp-block-group alignwide has-base-2-background-color has-background has-global-padding is-layout-constrained wp-container-core-group-is-layout-39412042 wp-block-group-is-layout-constrained\" style=\"border-radius:16px;padding-top:var(--wp--preset--spacing--40);padding-right:var(--wp--preset--spacing--50);padding-bottom:var(--wp--preset--spacing--40);padding-left:var(--wp--preset--spacing--50)\">\n<h2 class=\"wp-block-heading has-text-align-center has-x-large-font-size\">Irma<\/h2>\n\n\n\n<figure class=\"wp-block-image size-full is-style-rounded is-style-rounded--2\"><img decoding=\"async\" src=\"https:\/\/f.kth.se\/fadderiet\/wp-content\/uploads\/2025\/07\/Profil-Irma.jpg\" alt=\"\" class=\"wp-image-241\"\/><\/figure>\n\n\n\n<p class=\"has-text-align-left\">Flashiga Irma \u00e4r Fadderiets mingelm\u00e4stare. Att prata med folk \u00e4r hennes superkraft och hon f\u00e5r alltid alla runtomkring sig att k\u00e4nna sig som hemma. Irma \u00e4r inte bara en stj\u00e4rna p\u00e5 tugg utan hon \u00e4r ocks\u00e5 en j\u00e4kel p\u00e5 bugg. P\u00e5 fest r\u00f6jer hon runt som en orkan, f\u00f6r att sitta still \u00e4r inte ett alternativ f\u00f6r henne. Du hittar Irma mitt i danscirkeln, snurrandes i sina flashigaste buggsteg och med en om\u00e4nsklig energi som hon f\u00e5r fr\u00e5n den orimliga m\u00e4ngden \u00e4gg hon \u00e4ter. N\u00e4r hon inte v\u00e4nder upp och ner p\u00e5 dansgolvet styr hon Excel som en dirigent styr sin orkester. Irma \u00e4r som ett perfekt formaterat kalkylblad: ordningsam, p\u00e5litlig och med formler som f\u00e5r hela Fadderiet att g\u00e5 runt.<\/p>\n<\/div>\n\n\n\n<div class=\"wp-block-group alignwide has-base-2-background-color has-background has-global-padding is-layout-constrained wp-container-core-group-is-layout-39412042 wp-block-group-is-layout-constrained\" style=\"border-radius:16px;padding-top:var(--wp--preset--spacing--40);padding-right:var(--wp--preset--spacing--50);padding-bottom:var(--wp--preset--spacing--40);padding-left:var(--wp--preset--spacing--50)\">\n<h2 class=\"wp-block-heading has-text-align-center has-x-large-font-size\">Alva<\/h2>\n\n\n\n<figure class=\"wp-block-image size-full is-style-rounded is-style-rounded--3\"><img decoding=\"async\" src=\"https:\/\/f.kth.se\/fadderiet\/wp-content\/uploads\/2025\/07\/Profil-Alva.jpg\" alt=\"\" class=\"wp-image-240\"\/><\/figure>\n\n\n\n<p class=\"has-text-align-left\">Flashiga Alva \u00e4r Fadderiets serotoninboost. N\u00e4r kaoset stormar \u00e4r det hon som lugnt tar ett steg fram, ser vad som beh\u00f6vs och fixar det \u2013 ofta innan n\u00e5gon ens hunnit be om hj\u00e4lp. Hon \u00e4r den som alltid svarar, alltid lyssnar, alltid finns d\u00e4r. Det b\u00f6rjar ofta med ett fniss, forts\u00e4tter med ett gapskratt och slutar med att hela rummet har gl\u00f6mt vad de var oroliga \u00f6ver \u2013 oavsett om det \u00e4r knappn\u00e5larna som trilskas eller Taylorutveckling som k\u00e4nns helt obegripligt. Med ett skratt som fyller rummet och en n\u00e4rvaro som g\u00f6r allting lite l\u00e4ttare, \u00e4r Alva precis den man vill ha n\u00e4ra.<\/p>\n<\/div>\n\n\n\n<div class=\"wp-block-group alignwide has-base-2-background-color has-background has-global-padding is-layout-constrained wp-container-core-group-is-layout-39412042 wp-block-group-is-layout-constrained\" style=\"border-radius:16px;padding-top:var(--wp--preset--spacing--40);padding-right:var(--wp--preset--spacing--50);padding-bottom:var(--wp--preset--spacing--40);padding-left:var(--wp--preset--spacing--50)\">\n<h2 class=\"wp-block-heading has-text-align-center has-x-large-font-size\">Nils<\/h2>\n\n\n\n<figure class=\"wp-block-image size-full is-style-rounded is-style-rounded--4\"><img decoding=\"async\" src=\"https:\/\/f.kth.se\/fadderiet\/wp-content\/uploads\/2025\/07\/Profil-Nils.jpg\" alt=\"\" class=\"wp-image-242\"\/><\/figure>\n\n\n\n<p class=\"has-text-align-left\">Flashiga Nils \u00e4r Fadderiets urkraft. N\u00e4r andra tar bussen, cyklar han, oavsett v\u00e4der, avst\u00e5nd eller sunt f\u00f6rnuft. Legenden s\u00e4ger att han cyklade mellan Smygehuk och Treriksr\u00f6set p\u00e5 en dag, men s\u00e5nt skryter han aldrig om. D\u00e4remot flashar han g\u00e4rna sina f\u00f6tter, att se Nils g\u00e5 runt barfota \u00e4r ingen ovanlighet. Han bangar aldrig ett \u00e4ventyr eller en utmaning. Den st\u00f6rsta kampen f\u00f6r Nils \u00e4r snarare att f\u00f6rst\u00e5 om maten \u00e4r kryddad eller inte. Men trots sina svaga smakl\u00f6kar \u00e4r han den stabilaste punkten i fadderiet, med ett lugn som f\u00e5r en bergskedja att k\u00e4nnas stressad. Han \u00e4r den som f\u00e5r \u00e4ventyret att k\u00e4nnas som vardag och vardagen att k\u00e4nnas som ett \u00e4ventyr.<\/p>\n<\/div>\n\n\n\n<div class=\"wp-block-group alignwide has-base-2-background-color has-background has-global-padding is-layout-constrained wp-container-core-group-is-layout-39412042 wp-block-group-is-layout-constrained\" style=\"border-radius:16px;padding-top:var(--wp--preset--spacing--40);padding-right:var(--wp--preset--spacing--50);padding-bottom:var(--wp--preset--spacing--40);padding-left:var(--wp--preset--spacing--50)\">\n<h2 class=\"wp-block-heading has-text-align-center has-x-large-font-size\">Gerry<\/h2>\n\n\n\n<figure class=\"wp-block-image size-full is-style-rounded is-style-rounded--5\"><img loading=\"lazy\" decoding=\"async\" width=\"2560\" height=\"1707\" src=\"https:\/\/f.kth.se\/fadderiet\/wp-content\/uploads\/2025\/07\/IMG_7744-2-scaled.jpg\" alt=\"\" class=\"wp-image-317\" srcset=\"https:\/\/f.kth.se\/fadderiet\/wp-content\/uploads\/2025\/07\/IMG_7744-2-scaled.jpg 2560w, https:\/\/f.kth.se\/fadderiet\/wp-content\/uploads\/2025\/07\/IMG_7744-2-300x200.jpg 300w\" sizes=\"auto, (max-width: 2560px) 100vw, 2560px\" \/><\/figure>\n\n\n\n<p class=\"has-text-align-left\">Fr\u00f6ken Mums Gerry \u00e4r Fadderiets b\u00e4sta kompis &lt;3<\/p>\n<\/div>\n","protected":false},"excerpt":{"rendered":"<p>I det Flashiga fadderiet hittar vi 5 ohyggligt snygga och (vissa skulle p\u00e5st\u00e5) Flashiga figurer. Men vilka \u00e4r de egentligen? H\u00e4r kommer en chans att l\u00e4ra k\u00e4nna Mottagningens fr\u00e4zigaste figurer liiiite b\u00e4ttre. Ta den! Niklas Flashiga Niklas \u00e4r Fadderiets egna partikelaccelerator. Full fart fram\u00e5t, konstant laddad och alltid redo att sl\u00e4ppa l\u00f6s en energiniv\u00e5 som [&hellip;]<\/p>\n","protected":false},"author":1,"featured_media":0,"parent":0,"menu_order":0,"comment_status":"closed","ping_status":"closed","template":"","meta":{"footnotes":""},"class_list":["post-51","page","type-page","status-publish","hentry"],"_links":{"self":[{"href":"https:\/\/f.kth.se\/fadderiet\/wp-json\/wp\/v2\/pages\/51","targetHints":{"allow":["GET"]}}],"collection":[{"href":"https:\/\/f.kth.se\/fadderiet\/wp-json\/wp\/v2\/pages"}],"about":[{"href":"https:\/\/f.kth.se\/fadderiet\/wp-json\/wp\/v2\/types\/page"}],"author":[{"embeddable":true,"href":"https:\/\/f.kth.se\/fadderiet\/wp-json\/wp\/v2\/users\/1"}],"replies":[{"embeddable":true,"href":"https:\/\/f.kth.se\/fadderiet\/wp-json\/wp\/v2\/comments?post=51"}],"version-history":[{"count":10,"href":"https:\/\/f.kth.se\/fadderiet\/wp-json\/wp\/v2\/pages\/51\/revisions"}],"predecessor-version":[{"id":342,"href":"https:\/\/f.kth.se\/fadderiet\/wp-json\/wp\/v2\/pages\/51\/revisions\/342"}],"wp:attachment":[{"href":"https:\/\/f.kth.se\/fadderiet\/wp-json\/wp\/v2\/media?parent=51"}],"curies":[{"name":"wp","href":"https:\/\/api.w.org\/{rel}","templated":true}]}}